{"id":16,"date":"2024-04-10T15:12:57","date_gmt":"2024-04-10T18:12:57","guid":{"rendered":"https:\/\/nextboost.pro\/?page_id=16"},"modified":"2025-01-10T15:02:38","modified_gmt":"2025-01-10T18:02:38","slug":"home","status":"publish","type":"page","link":"https:\/\/nextboost.pro\/en\/home\/","title":{"rendered":"Home"},"content":{"rendered":"<h2>Optimize your PC<br \/>\nFor Games<\/h2>\n<p>NextBoost is a complete system optimizer, providing your Windows with fixes for: Performance, Latency, Security and Privacy.<\/p>\n<p>\t\t\t\t\t<a href=\"https:\/\/discord.gg\/E9sGcRETdn\"><br \/>\n\t\t\t\t\t\t\t\t\tAccess Discord<br \/>\n\t\t\t\t\t<\/a><br \/>\n\t\t<div style=\"width: 640px;\" class=\"wp-video\"><video class=\"wp-video-shortcode\" id=\"video-16-1\" width=\"640\" height=\"360\" preload=\"metadata\" controls=\"controls\"><source type=\"video\/mp4\" src=\"https:\/\/nextboost.pro\/wp-content\/uploads\/2024\/04\/Presentation_-_NextBoost.mp4?_=1\" \/><a href=\"https:\/\/nextboost.pro\/wp-content\/uploads\/2024\/04\/Presentation_-_NextBoost.mp4\">https:\/\/nextboost.pro\/wp-content\/uploads\/2024\/04\/Presentation_-_NextBoost.mp4<\/a><\/video><\/div>\t\t<\/p>\n<h2>Why optimize<br \/> with next boost?<\/h2>\n<h2>EXTREME optimization in<br \/> all your games!<\/h2>\n<p>Our optimization contains our own app that you can check for all the updates on our website. With this, we are able to bring you a customized solution to bring you the best possible performance!<\/p>\n<h2>Compatible with ALL systems and games<\/h2>\n<p>Everything we add to your computer will be compatible with any type of game or system, our app has been programmed for all systems.<\/p>\n<h2>Remote Application System - Via AnyDesk or TeamViewer<\/h2>\n<p>Our devs will contact you shortly after purchase to optimize <strong>REMOTELY<\/strong> your machine and apply everything our tool can offer!<\/p>\n<h2>An INCREDIBLE improvement in the use of the system<\/h2>\n<p>Our tool completely optimizes your Windows, managing every part of your PC for the best possible performance, whether in games or on the regular system. <em>(Note: It is worth emphasizing that our tool does NOT perform any kind of miracle, but it will bring a clearly noticeable improvement to your system.<\/em><\/p>\n<h2>SUPER affordable!<\/h2>\n<p>By investing just R$ 30.00 you'll get a completely customized and effective optimization for your computer. Don't miss out on this opportunity and get your computer performing at its best!<\/p>\n<h2>Discord community<\/h2>\n<p>Join a community of like-minded players looking to improve, get help and support.<\/p>\n<h2>What do they say about our optimization?<\/h2>\n<p>\t\t\t\t\t\tstability has improved 100% in GTA RP I no longer have drops to 0 fps as before there were places that I got 60fps and now 134<br \/>\n<br \/>My configuration:<br \/>\nXEON2650V3 16 RAM RX580<br \/>\n\t\t\t\t\t\t\t\t<cite>maurin2004<\/cite><br \/>\n\t\t\t\t\t\t the gain was considerable before with drops in QHD hitting between 40-50\/ and then reaching 80-90 fps in QHD<br \/>\n<br \/>My configuration:<br \/>\nb450m 16 RAM ryzen 5600g rtx 3060 12 gb<br \/>\n\t\t\t\t\t\t\t\t<cite>fleshbonez<\/cite><br \/>\n\t\t\t\t\t\tFPS maintained as before, but I got ABSURD stability! in Frametimes and Ping<br \/>\n<br \/>My configuration:<br \/>\nRyzen 7 5700X 4.6GHz<br \/>\nASUS TUF Gaming B550M-Plus<br \/>\n2x 16GB XPG Spectrix D35G, DDR4, 3200MHz<br \/>\nASUS KO RTX 3070 OC Edition 8GB<br \/>\n\t\t\t\t\t\t\t\t<cite>H3lliX<\/cite><br \/>\n\t\t\t\t\t\tI gained 15 fps in rainbow six and 77 fps in lol after optimization<br \/>\n<br \/>My configuration:<br \/>\ni5-7400<br \/>\n16 GB DDR3 RAM<br \/>\nGTX 750<br \/>\n\t\t\t\t\t\t\t\t<cite>llTASKll<\/cite><br \/>\n\t\t\t\t\t\tEven with the games on full throttle I gained 10 FPS in Fortnite and 30 FPS in APEX and the main relief in the 60% processor more or less<br \/>\n<br \/>My configuration:<br \/>\nAMD Ryzen 5 5600 6-Core Processor 3.50 GHz<br \/>\n32 GB of DDR4 RAM<br \/>\nRX6600M video card<br \/>\n\t\t\t\t\t\t\t\t<cite>FlamarFlavio <\/cite><br \/>\n\t\t\t\t\t\tI gained 68 FPS in Fortnite after optimization.<br \/>\n<br \/>My configuration:<br \/>\ni5-6500<br \/>\n16 GB RAM<br \/>\nGTX 1060<br \/>\n\t\t\t\t\t\t\t\t<cite>Pedro<\/cite><br \/>\n\t\t\t\t\t\ti got almost 100 fps in valorant and fortnite mt bom<br \/>\n<br \/>My configuration:<br \/>\nr7 5700g 16gb RAM rx 6600<br \/>\n\t\t\t\t\t\t\t\t<cite>DemonD<\/cite><br \/>\n\t\t\t\t\t\tIn terms of FPS, not much has changed, but I've gained a lot of stability and fluidity in the system, I feel it's more responsive.<br \/>\n<br \/>My configuration:<br \/>\ni5-6400<br \/>\n16 GB DDR4 RAM<br \/>\nGTX 1060<br \/>\n\t\t\t\t\t\t\t\t<cite>Werley<\/cite><br \/>\n\t\t\t\t\t\tI gained 49 fps in warzone, apart from the stability because my game would drop to 90 120 and now it stays at 160 180 without drops, I have 0 imputlag this is helping me a lot when exchanging in the game, it really works! super recommend!<br \/>\n<br \/>My configuration:<br \/>\nRyzen 7 5800x3d<br \/>\n32gb of ram<br \/>\nrtx 4060 ti<br \/>\n\t\t\t\t\t\t\t\t<cite>Lockwood<\/cite><br \/>\n\t\t\t\t\t\t\t\t\t\t\t\t\t\tPrevious<br \/>\n\t\t\t\t\t\t\t\t\t\t\t\t\t\tNext<\/p>\n<h2>Optimize your PC for gaming<\/h2>\n<p>\t\t\t\t\t<a href=\"https:\/\/discord.gg\/mUeRPFWW\"><br \/>\n\t\t\t\t\t\t\t\t\tAccess Discord<br \/>\n\t\t\t\t\t<\/a><\/p>\n<h2>FAQ<\/h2>\n<p>\t\t\t\t\t\t\t\t\t\t\t\t<a tabindex=\"0\">Why should I optimize my PC for gaming?<\/a><\/p>\n<p>Optimizing your PC for gaming can significantly improve the performance of competitive games and zero out your imput lag, providing a smoother and more immersive experience, as well as ensuring that the latest games run efficiently on your system.<\/p>\n<p>\t\t\t\t\t\t\t\t\t\t\t\t<a tabindex=\"0\">How often should I optimize my PC for gaming?<\/a><\/p>\n<p>Everything we add to your computer will be compatible with any type of game or system, our app has been programmed for all systems.<\/p>\n<p>\t\t\t\t\t\t\t\t\t\t\t\t<a tabindex=\"0\">What are the benefits of optimizing your PC for gaming?<\/a><\/p>\n<p>The benefits include higher frame rates, less imput lag, faster loading times, fewer crashes and freezes, sharper graphics and a generally more enjoyable and uninterrupted gaming experience.<\/p>","protected":false},"excerpt":{"rendered":"<p>Otimize o seu PC Para Jogos A NextBoost \u00e9 uma otimizadora completa de sistemas, trazendo pro seu Windows corre\u00e7\u00f5es de: Performance, Lat\u00eancia, Seguran\u00e7a e Privacidade. Acessar Discord https:\/\/nextboost.pro\/wp-content\/uploads\/2024\/04\/Presentation_-_NextBoost.mp4 Porque fazer a otimiza\u00e7\u00e3o com a next boost? Otimiza\u00e7\u00e3o EXTREMA em todos os seus jogos! Nossa otimiza\u00e7\u00e3o cont\u00e9m nosso pr\u00f3prio app que voc\u00ea pode consultar todas as [&hellip;]<\/p>","protected":false},"author":1,"featured_media":0,"parent":0,"menu_order":0,"comment_status":"closed","ping_status":"closed","template":"","meta":{"footnotes":""},"class_list":["post-16","page","type-page","status-publish","hentry"],"yoast_head":"<!-- This site is optimized with the Yoast SEO Premium plugin v25.5 (Yoast SEO v26.8) - https:\/\/yoast.com\/product\/yoast-seo-premium-wordpress\/ -->\n<title>Home - Next Boost<\/title>\n<meta name=\"description\" content=\"O Next Boost foi feito pra quem quer o PC no limite da performance \u2014 sem enrola\u00e7\u00e3o.A gente remove processos desnecess\u00e1rios, ajusta o Windows no detalhe, limpa o que s\u00f3 ocupa espa\u00e7o e aplica tweaks avan\u00e7ados pra voc\u00ea ter mais FPS, menos lag e input quase instant\u00e2neo.\" \/>\n<meta name=\"robots\" content=\"index, follow, max-snippet:-1, max-image-preview:large, max-video-preview:-1\" \/>\n<link rel=\"canonical\" href=\"https:\/\/nextboost.pro\/en\/home\/\" \/>\n<meta property=\"og:locale\" content=\"en_US\" \/>\n<meta property=\"og:type\" content=\"article\" \/>\n<meta property=\"og:title\" content=\"Home\" \/>\n<meta property=\"og:description\" content=\"O Next Boost foi feito pra quem quer o PC no limite da performance \u2014 sem enrola\u00e7\u00e3o.A gente remove processos desnecess\u00e1rios, ajusta o Windows no detalhe, limpa o que s\u00f3 ocupa espa\u00e7o e aplica tweaks avan\u00e7ados pra voc\u00ea ter mais FPS, menos lag e input quase instant\u00e2neo.\" \/>\n<meta property=\"og:url\" content=\"https:\/\/nextboost.pro\/en\/home\/\" \/>\n<meta property=\"og:site_name\" content=\"Next Boost\" \/>\n<meta property=\"article:modified_time\" content=\"2025-01-10T18:02:38+00:00\" \/>\n<meta property=\"og:image\" content=\"https:\/\/nextboost.pro\/wp-content\/uploads\/2025\/03\/gamer-rage-1024x700.jpg\" \/>\n\t<meta property=\"og:image:width\" content=\"1024\" \/>\n\t<meta property=\"og:image:height\" content=\"700\" \/>\n\t<meta property=\"og:image:type\" content=\"image\/jpeg\" \/>\n<meta name=\"twitter:card\" content=\"summary_large_image\" \/>\n<meta name=\"twitter:label1\" content=\"Est. reading time\" \/>\n\t<meta name=\"twitter:data1\" content=\"4 minutes\" \/>\n<script type=\"application\/ld+json\" class=\"yoast-schema-graph\">{\"@context\":\"https:\/\/schema.org\",\"@graph\":[{\"@type\":\"WebPage\",\"@id\":\"https:\/\/nextboost.pro\/home\/\",\"url\":\"https:\/\/nextboost.pro\/home\/\",\"name\":\"Home - Next Boost\",\"isPartOf\":{\"@id\":\"https:\/\/nextboost.pro\/#website\"},\"datePublished\":\"2024-04-10T18:12:57+00:00\",\"dateModified\":\"2025-01-10T18:02:38+00:00\",\"description\":\"O Next Boost foi feito pra quem quer o PC no limite da performance \u2014 sem enrola\u00e7\u00e3o.A gente remove processos desnecess\u00e1rios, ajusta o Windows no detalhe, limpa o que s\u00f3 ocupa espa\u00e7o e aplica tweaks avan\u00e7ados pra voc\u00ea ter mais FPS, menos lag e input quase instant\u00e2neo.\",\"breadcrumb\":{\"@id\":\"https:\/\/nextboost.pro\/home\/#breadcrumb\"},\"inLanguage\":\"en-US\",\"potentialAction\":[{\"@type\":\"ReadAction\",\"target\":[\"https:\/\/nextboost.pro\/home\/\"]}]},{\"@type\":\"BreadcrumbList\",\"@id\":\"https:\/\/nextboost.pro\/home\/#breadcrumb\",\"itemListElement\":[{\"@type\":\"ListItem\",\"position\":1,\"name\":\"Home\",\"item\":\"https:\/\/nextboost.pro\/\"},{\"@type\":\"ListItem\",\"position\":2,\"name\":\"Home\"}]},{\"@type\":\"WebSite\",\"@id\":\"https:\/\/nextboost.pro\/#website\",\"url\":\"https:\/\/nextboost.pro\/\",\"name\":\"Next Boost\",\"description\":\"O Next Boost foi feito pra quem quer o PC no limite da performance \u2014 sem enrola\u00e7\u00e3o.  A gente remove processos desnecess\u00e1rios, ajusta o Windows no detalhe, limpa o que s\u00f3 ocupa espa\u00e7o e aplica tweaks avan\u00e7ados pra voc\u00ea ter mais FPS, menos lag e input quase instant\u00e2neo.\",\"publisher\":{\"@id\":\"https:\/\/nextboost.pro\/#organization\"},\"alternateName\":\"Next Boost\",\"potentialAction\":[{\"@type\":\"SearchAction\",\"target\":{\"@type\":\"EntryPoint\",\"urlTemplate\":\"https:\/\/nextboost.pro\/?s={search_term_string}\"},\"query-input\":{\"@type\":\"PropertyValueSpecification\",\"valueRequired\":true,\"valueName\":\"search_term_string\"}}],\"inLanguage\":\"en-US\"},{\"@type\":\"Organization\",\"@id\":\"https:\/\/nextboost.pro\/#organization\",\"name\":\"Next Boost\",\"url\":\"https:\/\/nextboost.pro\/\",\"logo\":{\"@type\":\"ImageObject\",\"inLanguage\":\"en-US\",\"@id\":\"https:\/\/nextboost.pro\/#\/schema\/logo\/image\/\",\"url\":\"https:\/\/nextboost.pro\/wp-content\/uploads\/2025\/03\/cropped-logo-nova-redonda.png\",\"contentUrl\":\"https:\/\/nextboost.pro\/wp-content\/uploads\/2025\/03\/cropped-logo-nova-redonda.png\",\"width\":512,\"height\":512,\"caption\":\"Next Boost\"},\"image\":{\"@id\":\"https:\/\/nextboost.pro\/#\/schema\/logo\/image\/\"},\"sameAs\":[\"https:\/\/www.instagram.com\/nextboost.pro\/\",\"https:\/\/www.tiktok.com\/@nextboost.pro\",\"https:\/\/www.youtube.com\/@nextboostpro\"],\"description\":\"O Next Boost foi feito pra quem quer o PC no limite da performance \u2014 sem enrola\u00e7\u00e3o. A gente remove processos desnecess\u00e1rios, ajusta o Windows no detalhe, limpa o que s\u00f3 ocupa espa\u00e7o e aplica tweaks avan\u00e7ados pra voc\u00ea ter mais FPS, menos lag e input quase instant\u00e2neo.\"}]}<\/script>\n<!-- \/ Yoast SEO Premium plugin. -->","yoast_head_json":{"title":"Home - Next Boost","description":"O Next Boost foi feito pra quem quer o PC no limite da performance \u2014 sem enrola\u00e7\u00e3o.A gente remove processos desnecess\u00e1rios, ajusta o Windows no detalhe, limpa o que s\u00f3 ocupa espa\u00e7o e aplica tweaks avan\u00e7ados pra voc\u00ea ter mais FPS, menos lag e input quase instant\u00e2neo.","robots":{"index":"index","follow":"follow","max-snippet":"max-snippet:-1","max-image-preview":"max-image-preview:large","max-video-preview":"max-video-preview:-1"},"canonical":"https:\/\/nextboost.pro\/en\/home\/","og_locale":"en_US","og_type":"article","og_title":"Home","og_description":"O Next Boost foi feito pra quem quer o PC no limite da performance \u2014 sem enrola\u00e7\u00e3o.A gente remove processos desnecess\u00e1rios, ajusta o Windows no detalhe, limpa o que s\u00f3 ocupa espa\u00e7o e aplica tweaks avan\u00e7ados pra voc\u00ea ter mais FPS, menos lag e input quase instant\u00e2neo.","og_url":"https:\/\/nextboost.pro\/en\/home\/","og_site_name":"Next Boost","article_modified_time":"2025-01-10T18:02:38+00:00","og_image":[{"width":1024,"height":700,"url":"https:\/\/nextboost.pro\/wp-content\/uploads\/2025\/03\/gamer-rage-1024x700.jpg","type":"image\/jpeg"}],"twitter_card":"summary_large_image","twitter_misc":{"Est. reading time":"4 minutes"},"schema":{"@context":"https:\/\/schema.org","@graph":[{"@type":"WebPage","@id":"https:\/\/nextboost.pro\/home\/","url":"https:\/\/nextboost.pro\/home\/","name":"Home - Next Boost","isPartOf":{"@id":"https:\/\/nextboost.pro\/#website"},"datePublished":"2024-04-10T18:12:57+00:00","dateModified":"2025-01-10T18:02:38+00:00","description":"O Next Boost foi feito pra quem quer o PC no limite da performance \u2014 sem enrola\u00e7\u00e3o.A gente remove processos desnecess\u00e1rios, ajusta o Windows no detalhe, limpa o que s\u00f3 ocupa espa\u00e7o e aplica tweaks avan\u00e7ados pra voc\u00ea ter mais FPS, menos lag e input quase instant\u00e2neo.","breadcrumb":{"@id":"https:\/\/nextboost.pro\/home\/#breadcrumb"},"inLanguage":"en-US","potentialAction":[{"@type":"ReadAction","target":["https:\/\/nextboost.pro\/home\/"]}]},{"@type":"BreadcrumbList","@id":"https:\/\/nextboost.pro\/home\/#breadcrumb","itemListElement":[{"@type":"ListItem","position":1,"name":"Home","item":"https:\/\/nextboost.pro\/"},{"@type":"ListItem","position":2,"name":"Home"}]},{"@type":"WebSite","@id":"https:\/\/nextboost.pro\/#website","url":"https:\/\/nextboost.pro\/","name":"Next Boost","description":"Next Boost is designed for those who want their PC to be at the limit of performance - without the hassle.  We remove unnecessary processes, tweak Windows in detail, clean up what's just taking up space and apply advanced tweaks to give you more FPS, less lag and almost instantaneous input.","publisher":{"@id":"https:\/\/nextboost.pro\/#organization"},"alternateName":"Next Boost","potentialAction":[{"@type":"SearchAction","target":{"@type":"EntryPoint","urlTemplate":"https:\/\/nextboost.pro\/?s={search_term_string}"},"query-input":{"@type":"PropertyValueSpecification","valueRequired":true,"valueName":"search_term_string"}}],"inLanguage":"en-US"},{"@type":"Organization","@id":"https:\/\/nextboost.pro\/#organization","name":"Next Boost","url":"https:\/\/nextboost.pro\/","logo":{"@type":"ImageObject","inLanguage":"en-US","@id":"https:\/\/nextboost.pro\/#\/schema\/logo\/image\/","url":"https:\/\/nextboost.pro\/wp-content\/uploads\/2025\/03\/cropped-logo-nova-redonda.png","contentUrl":"https:\/\/nextboost.pro\/wp-content\/uploads\/2025\/03\/cropped-logo-nova-redonda.png","width":512,"height":512,"caption":"Next Boost"},"image":{"@id":"https:\/\/nextboost.pro\/#\/schema\/logo\/image\/"},"sameAs":["https:\/\/www.instagram.com\/nextboost.pro\/","https:\/\/www.tiktok.com\/@nextboost.pro","https:\/\/www.youtube.com\/@nextboostpro"],"description":"Next Boost is designed for those who want their PC to be at the limit of performance - without the hassle. We remove unnecessary processes, tweak Windows in detail, clean up what's just taking up space and apply advanced tweaks to give you more FPS, less lag and almost instantaneous input."}]}},"_links":{"self":[{"href":"https:\/\/nextboost.pro\/en\/wp-json\/wp\/v2\/pages\/16","targetHints":{"allow":["GET"]}}],"collection":[{"href":"https:\/\/nextboost.pro\/en\/wp-json\/wp\/v2\/pages"}],"about":[{"href":"https:\/\/nextboost.pro\/en\/wp-json\/wp\/v2\/types\/page"}],"author":[{"embeddable":true,"href":"https:\/\/nextboost.pro\/en\/wp-json\/wp\/v2\/users\/1"}],"replies":[{"embeddable":true,"href":"https:\/\/nextboost.pro\/en\/wp-json\/wp\/v2\/comments?post=16"}],"version-history":[{"count":127,"href":"https:\/\/nextboost.pro\/en\/wp-json\/wp\/v2\/pages\/16\/revisions"}],"predecessor-version":[{"id":208,"href":"https:\/\/nextboost.pro\/en\/wp-json\/wp\/v2\/pages\/16\/revisions\/208"}],"wp:attachment":[{"href":"https:\/\/nextboost.pro\/en\/wp-json\/wp\/v2\/media?parent=16"}],"curies":[{"name":"wp","href":"https:\/\/api.w.org\/{rel}","templated":true}]}}